{"id":1273,"date":"2024-01-25T20:23:32","date_gmt":"2024-01-25T20:23:32","guid":{"rendered":"https:\/\/pradoasociado.com\/?post_type=product&#038;p=1273"},"modified":"2025-08-11T17:17:45","modified_gmt":"2025-08-11T17:17:45","slug":"beaded-freshwater-pearl-heart","status":"publish","type":"product","link":"https:\/\/pradoasociado.com\/es\/producto\/beaded-freshwater-pearl-heart\/","title":{"rendered":"Perla De Agua Dulce Coraz\u00f3n"},"content":{"rendered":"<h1 title=\"Los nuevos dise\u00f1os de las Mujeres de la Joyer\u00eda 18K Chapado en Oro de Acero Inoxidable de Enlace con Cuentas de Perlas de agua Dulce Coraz\u00f3n Encanto El\u00e1stica Pulsera para las Mujeres\" data-spm-anchor-id=\"a2700.wholesale.0.i75.532b574aOxqBZk\"><span style=\"font-size: 14px;\">Perla De Agua Dulce Coraz\u00f3n<\/span><\/h1>\n<p>Main Material: Stainless Steel<\/p>\n<div data-spm-anchor-id=\"a2700.wholesale.0.i102.a6ac50b5etsEw0\">\n<div class=\"left\" data-spm-anchor-id=\"a2700.wholesale.0.i103.a6ac50b5etsEw0\">Estilo: TRENDY<\/div>\n<div data-spm-anchor-id=\"a2700.wholesale.0.i103.a6ac50b5etsEw0\">Tama\u00f1o: Longitud de 14 cm<\/div>\n<div data-spm-anchor-id=\"a2700.wholesale.0.i103.a6ac50b5etsEw0\">\n<div class=\"left\" data-spm-anchor-id=\"a2700.wholesale.0.i105.a6ac50b5etsEw0\">N\u00famero de modelo: MJB20305<\/div>\n<div data-spm-anchor-id=\"a2700.wholesale.0.i105.a6ac50b5etsEw0\">\n<div class=\"left\" data-spm-anchor-id=\"a2700.wholesale.0.i107.a6ac50b5etsEw0\">Material: Acero Inoxidable<\/div>\n<div data-spm-anchor-id=\"a2700.wholesale.0.i107.a6ac50b5etsEw0\">\n<div class=\"left\" data-spm-anchor-id=\"a2700.wholesale.0.i108.a6ac50b5etsEw0\">Galvanoplastia: 18K Chapado en Oro<\/div>\n<div data-spm-anchor-id=\"a2700.wholesale.0.i108.a6ac50b5etsEw0\">\n<div class=\"left\" data-spm-anchor-id=\"a2700.wholesale.0.i94.387723dcZqcMaY\">Nivel de calidad: Alto Est\u00e1ndar de Calidad<\/div>\n<\/div>\n<div data-spm-anchor-id=\"a2700.wholesale.0.i108.a6ac50b5etsEw0\">\n<div data-spm-anchor-id=\"a2700.wholesale.0.i111.a6ac50b5etsEw0\">Ocasi\u00f3n: Compromiso, fiesta, regalo, aniversario, otros<\/div>\n<\/div>\n<\/div>\n<\/div>\n<\/div>\n<\/div>","protected":false},"excerpt":{"rendered":"<p>Beaded Freshwater Pearl Heart Main Material: Stainless Steel Style: TRENDY Size: Length 14 cm Model Number: MJB20305 Material: Stainless Steel [&hellip;]<\/p>\n","protected":false},"featured_media":1279,"comment_status":"open","ping_status":"closed","template":"","meta":{"site-sidebar-layout":"default","site-content-layout":"","ast-site-content-layout":"default","site-content-style":"default","site-sidebar-style":"default","ast-global-header-display":"","ast-banner-title-visibility":"","ast-main-header-display":"","ast-hfb-above-header-display":"","ast-hfb-below-header-display":"","ast-hfb-mobile-header-display":"","site-post-title":"","ast-breadcrumbs-content":"","ast-featured-img":"","footer-sml-layout":"","theme-transparent-header-meta":"default","adv-header-id-meta":"","stick-header-meta":"","header-above-stick-meta":"","header-main-stick-meta":"","header-below-stick-meta":"","astra-migrate-meta-layouts":"set","ast-page-background-enabled":"default","ast-page-background-meta":{"desktop":{"background-color":"var(--ast-global-color-4)","background-image":"","background-repeat":"repeat","background-position":"center center","background-size":"auto","background-attachment":"scroll","background-type":"","background-media":"","overlay-type":"","overlay-color":"","overlay-opacity":"","overlay-gradient":""},"tablet":{"background-color":"","background-image":"","background-repeat":"repeat","background-position":"center center","background-size":"auto","background-attachment":"scroll","background-type":"","background-media":"","overlay-type":"","overlay-color":"","overlay-opacity":"","overlay-gradient":""},"mobile":{"background-color":"","background-image":"","background-repeat":"repeat","background-position":"center center","background-size":"auto","background-attachment":"scroll","background-type":"","background-media":"","overlay-type":"","overlay-color":"","overlay-opacity":"","overlay-gradient":""}},"ast-content-background-meta":{"desktop":{"background-color":"var(--ast-global-color-5)","background-image":"","background-repeat":"repeat","background-position":"center center","background-size":"auto","background-attachment":"scroll","background-type":"","background-media":"","overlay-type":"","overlay-color":"","overlay-opacity":"","overlay-gradient":""},"tablet":{"background-color":"var(--ast-global-color-5)","background-image":"","background-repeat":"repeat","background-position":"center center","background-size":"auto","background-attachment":"scroll","background-type":"","background-media":"","overlay-type":"","overlay-color":"","overlay-opacity":"","overlay-gradient":""},"mobile":{"background-color":"var(--ast-global-color-5)","background-image":"","background-repeat":"repeat","background-position":"center center","background-size":"auto","background-attachment":"scroll","background-type":"","background-media":"","overlay-type":"","overlay-color":"","overlay-opacity":"","overlay-gradient":""}},"_joinchat":[]},"product_brand":[],"product_cat":[41],"product_tag":[],"class_list":{"0":"post-1273","1":"product","2":"type-product","3":"status-publish","4":"has-post-thumbnail","6":"product_cat-bracelets","7":"desktop-align-left","8":"tablet-align-left","9":"mobile-align-left","11":"first","12":"outofstock","13":"taxable","14":"shipping-taxable","15":"purchasable","16":"product-type-simple"},"jetpack_sharing_enabled":true,"_links":{"self":[{"href":"https:\/\/pradoasociado.com\/es\/wp-json\/wp\/v2\/product\/1273","targetHints":{"allow":["GET"]}}],"collection":[{"href":"https:\/\/pradoasociado.com\/es\/wp-json\/wp\/v2\/product"}],"about":[{"href":"https:\/\/pradoasociado.com\/es\/wp-json\/wp\/v2\/types\/product"}],"replies":[{"embeddable":true,"href":"https:\/\/pradoasociado.com\/es\/wp-json\/wp\/v2\/comments?post=1273"}],"wp:featuredmedia":[{"embeddable":true,"href":"https:\/\/pradoasociado.com\/es\/wp-json\/wp\/v2\/media\/1279"}],"wp:attachment":[{"href":"https:\/\/pradoasociado.com\/es\/wp-json\/wp\/v2\/media?parent=1273"}],"wp:term":[{"taxonomy":"product_brand","embeddable":true,"href":"https:\/\/pradoasociado.com\/es\/wp-json\/wp\/v2\/product_brand?post=1273"},{"taxonomy":"product_cat","embeddable":true,"href":"https:\/\/pradoasociado.com\/es\/wp-json\/wp\/v2\/product_cat?post=1273"},{"taxonomy":"product_tag","embeddable":true,"href":"https:\/\/pradoasociado.com\/es\/wp-json\/wp\/v2\/product_tag?post=1273"}],"curies":[{"name":"wp","href":"https:\/\/api.w.org\/{rel}","templated":true}]}}