{"id":1111,"date":"2024-01-24T22:12:39","date_gmt":"2024-01-24T22:12:39","guid":{"rendered":"https:\/\/pradoasociado.com\/?post_type=product&#038;p=1111"},"modified":"2025-08-11T17:18:52","modified_gmt":"2025-08-11T17:18:52","slug":"shell-heart-love-charm","status":"publish","type":"product","link":"https:\/\/pradoasociado.com\/es\/producto\/shell-heart-love-charm\/","title":{"rendered":"Shell Coraz\u00f3n El Amor Encanto"},"content":{"rendered":"<h1 title=\"Minos Shell Coraz\u00f3n el Amor del Encanto del Collar de la Pulsera del Acero Inoxidable de la prenda Impermeable de 18 quilates Chapado en Oro de Madre de la Perla Colgante de Coraz\u00f3n Collar\" data-spm-anchor-id=\"a2700.wholesale.0.i86.387723dcZqcMaY\"><span style=\"font-size: 14px;\">Shell Heart Love Charm Necklace Bracelet, Mother of Pearl Heart<\/span><\/h1>\n<p>La joyer\u00eda Material Principal: Acero Inoxidable<\/p>\n<div data-spm-anchor-id=\"a2700.wholesale.0.i102.a6ac50b5etsEw0\">\n<div class=\"left\" data-spm-anchor-id=\"a2700.wholesale.0.i103.a6ac50b5etsEw0\">Estilo: TRENDY<\/div>\n<div data-spm-anchor-id=\"a2700.wholesale.0.i103.a6ac50b5etsEw0\">\n<div class=\"left\" data-spm-anchor-id=\"a2700.wholesale.0.i88.7aac6d0b7RWxrV\">Tecnolog\u00eda de Incrustaci\u00f3n: Configuraci\u00f3n de Canal<\/div>\n<\/div>\n<div data-spm-anchor-id=\"a2700.wholesale.0.i103.a6ac50b5etsEw0\">\n<div class=\"left\" data-spm-anchor-id=\"a2700.wholesale.0.i105.a6ac50b5etsEw0\">N\u00famero de modelo: MN-N7572<\/div>\n<div data-spm-anchor-id=\"a2700.wholesale.0.i105.a6ac50b5etsEw0\">\n<div class=\"left\" data-spm-anchor-id=\"a2700.wholesale.0.i107.a6ac50b5etsEw0\">Tipo de Material: 316L Acero Inoxidable<span data-spm-anchor-id=\"a2700.wholesale.0.i106.a6ac50b5etsEw0\">acero tainless<\/span><\/div>\n<div data-spm-anchor-id=\"a2700.wholesale.0.i107.a6ac50b5etsEw0\">\n<div class=\"left\" data-spm-anchor-id=\"a2700.wholesale.0.i108.a6ac50b5etsEw0\">Galvanoplastia: 18K Chapado en Oro<\/div>\n<div data-spm-anchor-id=\"a2700.wholesale.0.i108.a6ac50b5etsEw0\">\n<div class=\"left\" data-spm-anchor-id=\"a2700.wholesale.0.i94.387723dcZqcMaY\">Nivel de calidad: Alto Est\u00e1ndar de Calidad<\/div>\n<\/div>\n<div data-spm-anchor-id=\"a2700.wholesale.0.i108.a6ac50b5etsEw0\">\n<div data-spm-anchor-id=\"a2700.wholesale.0.i111.a6ac50b5etsEw0\">Ocasi\u00f3n: Compromiso, fiesta, regalo, aniversario, otros<\/div>\n<\/div>\n<\/div>\n<\/div>\n<\/div>\n<\/div>","protected":false},"excerpt":{"rendered":"<p>Shell Heart Love Charm Necklace Bracelet, Mother of Pearl Heart Jewelry Main Material: Stainless steel Style: TRENDY Inlay technology: Channel [&hellip;]<\/p>\n","protected":false},"featured_media":1112,"comment_status":"open","ping_status":"closed","template":"","meta":{"site-sidebar-layout":"default","site-content-layout":"","ast-site-content-layout":"default","site-content-style":"default","site-sidebar-style":"default","ast-global-header-display":"","ast-banner-title-visibility":"","ast-main-header-display":"","ast-hfb-above-header-display":"","ast-hfb-below-header-display":"","ast-hfb-mobile-header-display":"","site-post-title":"","ast-breadcrumbs-content":"","ast-featured-img":"","footer-sml-layout":"","theme-transparent-header-meta":"default","adv-header-id-meta":"","stick-header-meta":"","header-above-stick-meta":"","header-main-stick-meta":"","header-below-stick-meta":"","astra-migrate-meta-layouts":"set","ast-page-background-enabled":"default","ast-page-background-meta":{"desktop":{"background-color":"var(--ast-global-color-4)","background-image":"","background-repeat":"repeat","background-position":"center center","background-size":"auto","background-attachment":"scroll","background-type":"","background-media":"","overlay-type":"","overlay-color":"","overlay-opacity":"","overlay-gradient":""},"tablet":{"background-color":"","background-image":"","background-repeat":"repeat","background-position":"center center","background-size":"auto","background-attachment":"scroll","background-type":"","background-media":"","overlay-type":"","overlay-color":"","overlay-opacity":"","overlay-gradient":""},"mobile":{"background-color":"","background-image":"","background-repeat":"repeat","background-position":"center center","background-size":"auto","background-attachment":"scroll","background-type":"","background-media":"","overlay-type":"","overlay-color":"","overlay-opacity":"","overlay-gradient":""}},"ast-content-background-meta":{"desktop":{"background-color":"var(--ast-global-color-5)","background-image":"","background-repeat":"repeat","background-position":"center center","background-size":"auto","background-attachment":"scroll","background-type":"","background-media":"","overlay-type":"","overlay-color":"","overlay-opacity":"","overlay-gradient":""},"tablet":{"background-color":"var(--ast-global-color-5)","background-image":"","background-repeat":"repeat","background-position":"center center","background-size":"auto","background-attachment":"scroll","background-type":"","background-media":"","overlay-type":"","overlay-color":"","overlay-opacity":"","overlay-gradient":""},"mobile":{"background-color":"var(--ast-global-color-5)","background-image":"","background-repeat":"repeat","background-position":"center center","background-size":"auto","background-attachment":"scroll","background-type":"","background-media":"","overlay-type":"","overlay-color":"","overlay-opacity":"","overlay-gradient":""}},"_joinchat":[]},"product_brand":[],"product_cat":[42],"product_tag":[],"class_list":{"0":"post-1111","1":"product","2":"type-product","3":"status-publish","4":"has-post-thumbnail","6":"product_cat-necklaces","7":"desktop-align-left","8":"tablet-align-left","9":"mobile-align-left","11":"first","12":"outofstock","13":"taxable","14":"shipping-taxable","15":"purchasable","16":"product-type-simple"},"jetpack_sharing_enabled":true,"_links":{"self":[{"href":"https:\/\/pradoasociado.com\/es\/wp-json\/wp\/v2\/product\/1111","targetHints":{"allow":["GET"]}}],"collection":[{"href":"https:\/\/pradoasociado.com\/es\/wp-json\/wp\/v2\/product"}],"about":[{"href":"https:\/\/pradoasociado.com\/es\/wp-json\/wp\/v2\/types\/product"}],"replies":[{"embeddable":true,"href":"https:\/\/pradoasociado.com\/es\/wp-json\/wp\/v2\/comments?post=1111"}],"wp:featuredmedia":[{"embeddable":true,"href":"https:\/\/pradoasociado.com\/es\/wp-json\/wp\/v2\/media\/1112"}],"wp:attachment":[{"href":"https:\/\/pradoasociado.com\/es\/wp-json\/wp\/v2\/media?parent=1111"}],"wp:term":[{"taxonomy":"product_brand","embeddable":true,"href":"https:\/\/pradoasociado.com\/es\/wp-json\/wp\/v2\/product_brand?post=1111"},{"taxonomy":"product_cat","embeddable":true,"href":"https:\/\/pradoasociado.com\/es\/wp-json\/wp\/v2\/product_cat?post=1111"},{"taxonomy":"product_tag","embeddable":true,"href":"https:\/\/pradoasociado.com\/es\/wp-json\/wp\/v2\/product_tag?post=1111"}],"curies":[{"name":"wp","href":"https:\/\/api.w.org\/{rel}","templated":true}]}}