{"id":656,"date":"2024-01-17T17:16:38","date_gmt":"2024-01-17T17:16:38","guid":{"rendered":"https:\/\/pradoasociado.com\/?page_id=656"},"modified":"2024-02-23T14:14:38","modified_gmt":"2024-02-23T14:14:38","slug":"quienes-somos","status":"publish","type":"page","link":"https:\/\/pradoasociado.com\/es\/quienes-somos\/","title":{"rendered":"QUIENES SOMOS"},"content":{"rendered":"<div class=\"wp-block-group alignfull has-background has-small-font-size is-layout-constrained wp-container-core-group-is-layout-de075a60 wp-block-group-is-layout-constrained\" style=\"background-color:#f7f2ef;padding-top:115px;padding-bottom:115px;background-image:url(&apos;https:\/\/pradoasociado.com\/wp-content\/uploads\/Moissanite-Fine-Jewelry-Trends-Blog-Header.jpg&apos;);background-size:cover;\">\n<h1 class=\"wp-block-heading has-text-align-center has-white-color has-text-color has-link-color has-belleza-font-family wp-elements-66de72552c13ddbde0bde9e1be82469a\" style=\"font-size:49px;font-style:normal;font-weight:400\"> ACERCA DE NOSOTROS<\/h1>\n<\/div>\n\n\n\n<div class=\"wp-block-group alignfull is-layout-constrained wp-container-core-group-is-layout-4383d167 wp-block-group-is-layout-constrained\">\n<div class=\"wp-block-group alignwide is-layout-constrained wp-container-core-group-is-layout-655e7825 wp-block-group-is-layout-constrained\" style=\"margin-top:0px;margin-bottom:0px;padding-top:6rem;padding-bottom:6rem\">\n<div class=\"wp-block-columns is-layout-flex wp-container-core-columns-is-layout-92515837 wp-block-columns-is-layout-flex\">\n<div class=\"wp-block-column is-layout-flow wp-block-column-is-layout-flow\" style=\"flex-basis:50%\">\n<figure class=\"wp-block-image size-full\"><img loading=\"lazy\" decoding=\"async\" width=\"800\" height=\"800\" src=\"https:\/\/pradoasociado.com\/wp-content\/uploads\/Stars-Pendant-Necklace-Gold-Neck.webp\" alt=\"\" class=\"wp-image-1394\" srcset=\"https:\/\/pradoasociado.com\/wp-content\/uploads\/Stars-Pendant-Necklace-Gold-Neck.webp 800w, https:\/\/pradoasociado.com\/wp-content\/uploads\/Stars-Pendant-Necklace-Gold-Neck-768x768.webp 768w, https:\/\/pradoasociado.com\/wp-content\/uploads\/Stars-Pendant-Necklace-Gold-Neck-12x12.webp 12w, https:\/\/pradoasociado.com\/wp-content\/uploads\/Stars-Pendant-Necklace-Gold-Neck-600x600.webp 600w, https:\/\/pradoasociado.com\/wp-content\/uploads\/Stars-Pendant-Necklace-Gold-Neck-100x100.webp 100w\" sizes=\"auto, (max-width: 800px) 100vw, 800px\" \/><\/figure>\n<\/div>\n\n\n\n<div class=\"wp-block-column is-vertically-aligned-center is-layout-flow wp-block-column-is-layout-flow\" style=\"flex-basis:50%\">\n<h2 class=\"wp-block-heading has-text-color has-link-color has-belleza-font-family wp-elements-837d46cbcfd2d498c60c413ceb2d21f1\" style=\"color:#525060;font-size:32px;font-style:normal;font-weight:400;text-transform:uppercase\">Nuestros Or\u00edgenes<\/h2>\n\n\n\n<p class=\"has-text-color has-link-color has-jost-font-family wp-elements-c8409cc177b5bd90b387262311e64cb3\" style=\"color:#525060;font-size:18px\">\u00a1Bienvenido a un mundo donde cada destello cuenta una historia! Nuestro viaje comenz\u00f3 con la pasi\u00f3n por crear piezas que celebren los momentos especiales de la vida. Creemos que la joyer\u00eda no es s\u00f3lo un accesorio; es una declaraci\u00f3n de qui\u00e9n eres. Con cada gema cuidadosamente seleccionada y cada dise\u00f1o magistral, nos dedicamos a brindarte tesoros que te har\u00e1n brillar por dentro y por fuera. Cumplimos nuestra promesa de ofrecerle piezas impresionantes que sean tan \u00fanicas y maravillosas como usted. \u00danase a nosotros en la aventura de su vida, \u00a1una joya brillante a la vez!<\/p>\n\n\n\n<p class=\"has-text-color has-link-color has-jost-font-family wp-elements-9e3f7e2d51fa31c76b00eeccd8708b86\" style=\"color:#525060;font-size:18px\">Sum\u00e9rgete en nuestra deslumbrante colecci\u00f3n y encuentra tu brillo perfecto. Con nosotros, usted no s\u00f3lo compra joyas, sino que tambi\u00e9n crea su legado.<\/p>\n\n\n\n<div class=\"wp-block-buttons is-layout-flex wp-block-buttons-is-layout-flex\">\n<div class=\"wp-block-button has-custom-font-size has-jost-font-family\" style=\"font-size:18px;text-transform:uppercase\"><a class=\"wp-block-button__link has-text-color has-background has-link-color wp-element-button\" href=\"https:\/\/pradoasociado.com\/es\/tienda\/\" style=\"border-radius:0px;color:#ffffff;background-color:#696778\">Descubrir<\/a><\/div>\n<\/div>\n<\/div>\n<\/div>\n\n\n\n<hr class=\"wp-block-separator has-alpha-channel-opacity\" style=\"margin-top:var(--wp--preset--spacing--60);margin-bottom:var(--wp--preset--spacing--60)\"\/>\n\n\n\n<p class=\"has-text-align-center\" style=\"font-size:18px\"><strong>NUESTRA MISI\u00d3N<\/strong><\/p>\n\n\n\n<p class=\"has-text-align-center\" style=\"font-size:18px\">Ofrecer los mejores accesorios de Joyer\u00eda y Est\u00e9tica, a un coste asequible, haciendo que comprar sea divertido, f\u00e1cil y de la forma m\u00e1s r\u00e1pida posible.<\/p>\n\n\n\n<p class=\"has-text-align-center\" style=\"font-size:18px\"><strong>NUESTRA VISI\u00d3N<\/strong>\u00a0<\/p>\n\n\n\n<p class=\"has-text-align-center\" style=\"font-size:18px\">Inspirar, dar rienda suelta a la creatividad, y facilitar el acceso al mundo de la joyer\u00eda con un solo CLIK<\/p>\n<\/div>\n<\/div>\n\n\n\n<div class=\"wp-block-cover alignfull is-light\" style=\"margin-top:0;margin-bottom:0;padding-top:100px;padding-bottom:100px\"><span aria-hidden=\"true\" class=\"wp-block-cover__background has-background-dim-30 has-background-dim\" style=\"background-color:#696778\"><\/span><img loading=\"lazy\" decoding=\"async\" width=\"768\" height=\"511\" class=\"wp-block-cover__image-background wp-image-1878\" alt=\"\" src=\"https:\/\/pradoasociado.com\/wp-content\/uploads\/atlanta_jewelry_show_cover.jpeg\" data-object-fit=\"cover\" srcset=\"https:\/\/pradoasociado.com\/wp-content\/uploads\/atlanta_jewelry_show_cover.jpeg 768w, https:\/\/pradoasociado.com\/wp-content\/uploads\/atlanta_jewelry_show_cover-18x12.jpeg 18w, https:\/\/pradoasociado.com\/wp-content\/uploads\/atlanta_jewelry_show_cover-600x399.jpeg 600w\" sizes=\"auto, (max-width: 768px) 100vw, 768px\" \/><div class=\"wp-block-cover__inner-container is-layout-constrained wp-container-core-cover-is-layout-dc08f85c wp-block-cover-is-layout-constrained\">\n<h2 class=\"wp-block-heading has-text-align-center has-ast-global-color-7-color has-text-color has-link-color has-jost-font-family wp-elements-dfe89058c9740a23ee6bd87843f69ce1\" style=\"font-size:18px;font-style:normal;font-weight:400;letter-spacing:1px;text-transform:uppercase\">Nosotros<\/h2>\n\n\n\n<h2 class=\"wp-block-heading has-text-align-center has-ast-global-color-7-color has-text-color has-link-color has-belleza-font-family wp-elements-e6251dbc01ad0a3e9492917ede96812a\" style=\"font-size:32px\">La Joyer\u00eda De Tus Sue\u00f1os<\/h2>\n\n\n\n<hr class=\"wp-block-separator has-text-color has-base-color has-alpha-channel-opacity has-base-background-color has-background\" style=\"margin-top:20px;margin-bottom:10px\"\/>\n\n\n\n<div class=\"wp-block-columns is-layout-flex wp-container-core-columns-is-layout-f350720d wp-block-columns-is-layout-flex\" style=\"padding-top:20px\">\n<div class=\"wp-block-column has-background is-layout-flow wp-container-core-column-is-layout-af27bfb9 wp-block-column-is-layout-flow\" style=\"background-color:#f6f3ee;padding-top:30px;padding-right:20px;padding-bottom:30px;padding-left:20px\">\n<figure class=\"wp-block-image size-full\"><img decoding=\"async\" src=\"https:\/\/gb7.gowebexperts.com\/wp-content\/uploads\/2023\/11\/costumer.png\" alt=\"\" class=\"wp-image-28\"\/><\/figure>\n\n\n\n<h6 class=\"wp-block-heading has-text-color has-link-color has-jost-font-family wp-elements-e0060976c68284035776aaf94438e576\" style=\"color:#525060;padding-top:20px;font-size:20px;font-style:normal;font-weight:500;text-transform:uppercase\">Experiencia<\/h6>\n\n\n\n<p class=\"has-text-color has-link-color has-jost-font-family wp-elements-467adcac5dedf657310629461fe0bc0d\" style=\"color:#525060;font-size:16px\">Podemos hacer que sea real! <\/p>\n<\/div>\n\n\n\n<div class=\"wp-block-column has-background is-layout-flow wp-container-core-column-is-layout-af27bfb9 wp-block-column-is-layout-flow\" style=\"background-color:#f6f3ee;padding-top:30px;padding-right:20px;padding-bottom:30px;padding-left:20px\">\n<figure class=\"wp-block-image size-full\"><img decoding=\"async\" src=\"https:\/\/gb7.gowebexperts.com\/wp-content\/uploads\/2023\/11\/delivery-man.png\" alt=\"\" class=\"wp-image-27\"\/><\/figure>\n\n\n\n<h6 class=\"wp-block-heading has-text-color has-link-color has-jost-font-family wp-elements-8469d3593d279a2bbaca3080146f7030\" style=\"color:#525060;padding-top:20px;font-size:20px;font-style:normal;font-weight:500;text-transform:uppercase\">Joyer\u00eda<\/h6>\n\n\n\n<p class=\"has-text-color has-link-color has-jost-font-family wp-elements-515cf4c1e56fe72f4bb650fac47e074e\" style=\"color:#525060;font-size:16px\">Preciadas joyas.<\/p>\n<\/div>\n\n\n\n<div class=\"wp-block-column has-background is-layout-flow wp-container-core-column-is-layout-af27bfb9 wp-block-column-is-layout-flow\" style=\"background-color:#f6f3ee;padding-top:30px;padding-right:20px;padding-bottom:30px;padding-left:20px\">\n<figure class=\"wp-block-image size-full\"><img decoding=\"async\" src=\"https:\/\/gb7.gowebexperts.com\/wp-content\/uploads\/2023\/11\/achievement.png\" alt=\"\" class=\"wp-image-26\"\/><\/figure>\n\n\n\n<h6 class=\"wp-block-heading has-text-color has-link-color has-jost-font-family wp-elements-7ed9015ed9663afcadb2d0336083ec7a\" style=\"color:#525060;padding-top:20px;font-size:20px;font-style:normal;font-weight:500;text-transform:uppercase\">Boutique<\/h6>\n\n\n\n<p class=\"has-text-color has-link-color has-jost-font-family wp-elements-5d93729ff2580c6ca72d5550c58ded16\" style=\"color:#525060;font-size:16px\">Ver para creer!<\/p>\n<\/div>\n<\/div>\n\n\n\n<div class=\"wp-block-buttons is-content-justification-center is-layout-flex wp-container-core-buttons-is-layout-a5792793 wp-block-buttons-is-layout-flex\" style=\"margin-top:50px\">\n<div class=\"wp-block-button has-custom-font-size has-jost-font-family\" style=\"font-size:18px;text-transform:uppercase\"><a class=\"wp-block-button__link has-text-color has-background has-link-color wp-element-button\" href=\"https:\/\/pradoasociado.com\/es\/tienda\/\" style=\"border-radius:0px;color:#525060;background-color:#ffffff\">Explorar NUESTRA TIENDA<\/a><\/div>\n<\/div>\n<\/div><\/div>\n\n\n\n<div class=\"wp-block-group alignfull is-layout-constrained wp-container-core-group-is-layout-0117c4cf wp-block-group-is-layout-constrained\" style=\"padding-top:80px;padding-bottom:80px\">\n<div class=\"wp-block-columns is-layout-flex wp-container-core-columns-is-layout-28f84493 wp-block-columns-is-layout-flex\">\n<div class=\"wp-block-column has-background is-layout-flow wp-block-column-is-layout-flow\" style=\"border-top-style:none;border-top-width:0px;border-right-style:none;border-right-width:0px;border-bottom-style:none;border-bottom-width:0px;border-left-color:#696778;border-left-width:2px;background-color:#69677812;padding-top:20px;padding-bottom:20px;padding-left:50px\">\n<h2 class=\"wp-block-heading has-text-align-left has-text-color has-link-color has-belleza-font-family wp-elements-67324d366b7c85c253088eb19cfea748\" style=\"color:#696778;font-size:60px;font-style:normal;font-weight:600\">30 D\u00edas<\/h2>\n\n\n\n<p class=\"has-text-color has-link-color has-jost-font-family wp-elements-a84a79804f4228b7e8af729245e6bf26\" style=\"color:#525060;font-size:16px;font-style:normal;font-weight:400;letter-spacing:1px;text-transform:uppercase\">Siempre Abierto<\/p>\n<\/div>\n\n\n\n<div class=\"wp-block-column has-background is-layout-flow wp-block-column-is-layout-flow\" style=\"border-top-style:none;border-top-width:0px;border-right-style:none;border-right-width:0px;border-bottom-style:none;border-bottom-width:0px;border-left-color:#696778;border-left-width:2px;background-color:#69677812;padding-top:20px;padding-bottom:20px;padding-left:50px\">\n<h2 class=\"wp-block-heading has-text-align-left has-text-color has-link-color has-belleza-font-family wp-elements-76a11a5405c035883ee6522e50a326c3\" style=\"color:#696778;font-size:60px;font-style:normal;font-weight:600\">100+<\/h2>\n\n\n\n<p class=\"has-text-color has-link-color has-jost-font-family wp-elements-2fa77405834913087d32e04f3e8a062b\" style=\"color:#525060;font-size:16px;font-style:normal;font-weight:400;letter-spacing:1px;text-transform:uppercase\">Dise\u00f1os \u00danicos<\/p>\n<\/div>\n\n\n\n<div class=\"wp-block-column has-background is-layout-flow wp-block-column-is-layout-flow\" style=\"border-top-style:none;border-top-width:0px;border-right-style:none;border-right-width:0px;border-bottom-style:none;border-bottom-width:0px;border-left-color:#696778;border-left-width:2px;background-color:#69677812;padding-top:20px;padding-bottom:20px;padding-left:50px\">\n<h2 class=\"wp-block-heading has-text-align-left has-text-color has-link-color has-belleza-font-family wp-elements-5ca7fd508563e339edcdb315becfa193\" style=\"color:#696778;font-size:60px;font-style:normal;font-weight:600\">5 Estrellas<\/h2>\n\n\n\n<p class=\"has-text-color has-link-color has-jost-font-family wp-elements-fab270ca237ef056bc31258a4c2a2e72\" style=\"color:#525060;font-size:16px;font-style:normal;font-weight:400;letter-spacing:1px;text-transform:uppercase\">Cr\u00edticas<\/p>\n<\/div>\n\n\n\n<div class=\"wp-block-column has-background is-layout-flow wp-block-column-is-layout-flow\" style=\"border-top-style:none;border-top-width:0px;border-right-style:none;border-right-width:0px;border-bottom-style:none;border-bottom-width:0px;border-left-color:#696778;border-left-width:2px;background-color:#69677812;padding-top:20px;padding-bottom:20px;padding-left:50px\">\n<h2 class=\"wp-block-heading has-text-align-left has-text-color has-link-color has-belleza-font-family wp-elements-b1474f8d98eda3e1f828e3d37c6c1a67\" style=\"color:#696778;font-size:60px;font-style:normal;font-weight:600\">24\/7<\/h2>\n\n\n\n<p class=\"has-text-color has-link-color has-jost-font-family wp-elements-964fca1f8f5ef1f3c3b6970134e97c23\" style=\"color:#525060;font-size:16px;font-style:normal;font-weight:400;letter-spacing:1px;text-transform:uppercase\">Devoluci\u00f3n F\u00e1cil<\/p>\n<\/div>\n<\/div>\n<\/div>\n\n\n\n<section class=\"wp-block-group alignfull is-layout-constrained wp-container-core-group-is-layout-3428e546 wp-block-group-is-layout-constrained\" style=\"margin-top:0px;margin-bottom:0px;padding-top:80px;padding-bottom:80px\">\n<h4 class=\"wp-block-heading has-text-align-center has-text-color has-link-color has-belleza-font-family wp-elements-0287e8b1520dd002218506826c8f67c9\" style=\"color:#525060;margin-bottom:1rem;font-size:2rem;font-style:normal;font-weight:400;line-height:1.2;text-transform:uppercase\"><a href=\"https:\/\/pradoasociado.com\/es\/contactanos\/\">Contactanos..!<\/a><\/h4>\n\n\n\n<p class=\"has-text-align-center has-text-color has-link-color has-jost-font-family wp-elements-35d0241491359d8a1e0137453c2529e1\" style=\"color:#525060;margin-bottom:1.5rem;font-size:1.2rem;font-style:normal;font-weight:400;line-height:1.5;text-transform:capitalize\"><a href=\"https:\/\/pradoasociado.com\/es\/registration\/\">Registrate y Reg\u00e1lenos Tus Comentarios<\/a><\/p>\n\n\n\n<div class=\"wp-block-buttons has-custom-font-size is-content-justification-center is-layout-flex wp-container-core-buttons-is-layout-c064d7de wp-block-buttons-is-layout-flex\" style=\"margin-top:2.5rem;font-size:1.1rem;line-height:1.5\">\n<div class=\"wp-block-button has-custom-font-size is-style-fill\" style=\"font-size:1.1rem;font-style:normal;font-weight:400;line-height:1.1\"><a class=\"wp-block-button__link has-text-color has-background wp-element-button\" href=\"https:\/\/pradoasociado.com\/es\/tienda\/\" style=\"border-radius:0px;color:#fffffd;background-color:#696778;padding-top:0.9rem;padding-right:3.5rem;padding-bottom:0.9rem;padding-left:3.5rem\">COMPRE AHORA<\/a><\/div>\n<\/div>\n<\/section>","protected":false},"excerpt":{"rendered":"<p>ABOUT US Our Origins Welcome to a world where every sparkle tells a story! Our journey began with a passion [&hellip;]<\/p>\n","protected":false},"author":2,"featured_media":0,"parent":0,"menu_order":0,"comment_status":"closed","ping_status":"closed","template":"","meta":{"site-sidebar-layout":"default","site-content-layout":"","ast-site-content-layout":"default","site-content-style":"default","site-sidebar-style":"default","ast-global-header-display":"","ast-banner-title-visibility":"","ast-main-header-display":"","ast-hfb-above-header-display":"","ast-hfb-below-header-display":"","ast-hfb-mobile-header-display":"","site-post-title":"disabled","ast-breadcrumbs-content":"","ast-featured-img":"","footer-sml-layout":"","theme-transparent-header-meta":"","adv-header-id-meta":"","stick-header-meta":"","header-above-stick-meta":"","header-main-stick-meta":"","header-below-stick-meta":"","astra-migrate-meta-layouts":"default","ast-page-background-enabled":"default","ast-page-background-meta":{"desktop":{"background-color":"var(--ast-global-color-4)","background-image":"","background-repeat":"repeat","background-position":"center center","background-size":"auto","background-attachment":"scroll","background-type":"","background-media":"","overlay-type":"","overlay-color":"","overlay-opacity":"","overlay-gradient":""},"tablet":{"background-color":"","background-image":"","background-repeat":"repeat","background-position":"center center","background-size":"auto","background-attachment":"scroll","background-type":"","background-media":"","overlay-type":"","overlay-color":"","overlay-opacity":"","overlay-gradient":""},"mobile":{"background-color":"","background-image":"","background-repeat":"repeat","background-position":"center center","background-size":"auto","background-attachment":"scroll","background-type":"","background-media":"","overlay-type":"","overlay-color":"","overlay-opacity":"","overlay-gradient":""}},"ast-content-background-meta":{"desktop":{"background-color":"var(--ast-global-color-5)","background-image":"","background-repeat":"repeat","background-position":"center center","background-size":"auto","background-attachment":"scroll","background-type":"","background-media":"","overlay-type":"","overlay-color":"","overlay-opacity":"","overlay-gradient":""},"tablet":{"background-color":"var(--ast-global-color-5)","background-image":"","background-repeat":"repeat","background-position":"center center","background-size":"auto","background-attachment":"scroll","background-type":"","background-media":"","overlay-type":"","overlay-color":"","overlay-opacity":"","overlay-gradient":""},"mobile":{"background-color":"var(--ast-global-color-5)","background-image":"","background-repeat":"repeat","background-position":"center center","background-size":"auto","background-attachment":"scroll","background-type":"","background-media":"","overlay-type":"","overlay-color":"","overlay-opacity":"","overlay-gradient":""}},"_joinchat":[],"footnotes":""},"class_list":["post-656","page","type-page","status-publish","hentry"],"jetpack_sharing_enabled":true,"_links":{"self":[{"href":"https:\/\/pradoasociado.com\/es\/wp-json\/wp\/v2\/pages\/656","targetHints":{"allow":["GET"]}}],"collection":[{"href":"https:\/\/pradoasociado.com\/es\/wp-json\/wp\/v2\/pages"}],"about":[{"href":"https:\/\/pradoasociado.com\/es\/wp-json\/wp\/v2\/types\/page"}],"author":[{"embeddable":true,"href":"https:\/\/pradoasociado.com\/es\/wp-json\/wp\/v2\/users\/2"}],"replies":[{"embeddable":true,"href":"https:\/\/pradoasociado.com\/es\/wp-json\/wp\/v2\/comments?post=656"}],"version-history":[{"count":20,"href":"https:\/\/pradoasociado.com\/es\/wp-json\/wp\/v2\/pages\/656\/revisions"}],"predecessor-version":[{"id":1957,"href":"https:\/\/pradoasociado.com\/es\/wp-json\/wp\/v2\/pages\/656\/revisions\/1957"}],"wp:attachment":[{"href":"https:\/\/pradoasociado.com\/es\/wp-json\/wp\/v2\/media?parent=656"}],"curies":[{"name":"wp","href":"https:\/\/api.w.org\/{rel}","templated":true}]}}