{"id":1673,"date":"2024-02-02T02:49:22","date_gmt":"2024-02-02T02:49:22","guid":{"rendered":"https:\/\/pradoasociado.com\/?page_id=1673"},"modified":"2024-02-20T19:34:13","modified_gmt":"2024-02-20T19:34:13","slug":"politica-de-envios-y-procesamiento-de-ordenes","status":"publish","type":"page","link":"https:\/\/pradoasociado.com\/es\/politica-de-envios-y-procesamiento-de-ordenes\/","title":{"rendered":"GASTOS DE ENV\u00cdO Y PROCESAMIENTO DE LA ORDEN DE LA POL\u00cdTICA"},"content":{"rendered":"<p><\/p>\n\n\n\n<hr class=\"wp-block-separator has-alpha-channel-opacity is-style-wide\"\/>\n\n\n\n<p><strong>GASTOS DE ENV\u00cdO Y PROCESAMIENTO DE LA ORDEN DE LA POL\u00cdTICA<\/strong><\/p>\n\n\n\n<p>\u2013 El tiempo de env\u00edo var\u00eda seg\u00fan la cantidad y disponibilidad de los art\u00edculos elegidos.<br>\u2013 Los pedidos con art\u00edculos no personalizados se preparan dentro de las 24-48 horas h\u00e1biles siguientes a la fecha de tu compra.<br>\u2013 Los pedidos que incluyan piezas personalizadas con nombres tienen un tiempo de espera aproximado entre 1 y 4 semanas, este tiempo var\u00eda dependiendo del modelo adquirido.<br>Cuando se recibe un gran volumen de pedidos en especial en d\u00edas de promoci\u00f3n, tu pedido puede tardar d\u00edas laborales adicionales para procesar un pedido.<br>\u2013 Los art\u00edculos que no est\u00e1n en stock en el momento de tramitaci\u00f3n del pedido ser\u00e1 enviado tan pronto como est\u00e9 de vuelta en stock. (Generalmente entre 3 y 7 d\u00edas h\u00e1biles). D\u00edas no incluyen fines de semana y festivos.<br>\u2013 Tener en cuenta que no siempre podemos garantizar la disponibilidad de nuestros art\u00edculos. Si usted ha pedido un art\u00edculo que no est\u00e1 en stock o se retrasa, se le notificar\u00e1 a trav\u00e9s de correo electr\u00f3nico.<br>\u2013 Hacemos env\u00edos a todo estados unidos y Puerto Rico.<br>\u2013 USPS es la empresa de mensajer\u00eda encargada de la entrega y transporte de todos nuestros pedidos.<br>\u2013 Un email de confirmaci\u00f3n de env\u00edo y la informaci\u00f3n de seguimiento ser\u00e1 enviado una vez que el pedido ha sido procesado y enviado.<br>\u2013 No somos responsables por errores en la direcci\u00f3n de env\u00edo proporcionada. El cliente es responsable de los costes de reenv\u00edo en esta situaci\u00f3n.<br><\/p>\n\n\n\n<p><strong>GASTOS DE ENV\u00cdO<\/strong><\/p>\n\n\n\n<p>\u2013 Las compras de m\u00e1s de $55.00 -  ENV\u00cdO GRATIS<br>\u2013 Compras menores de $55.00 \u2013 $6.99 ENV\u00cdO PRIMERA CLASE<br>\u2013 Env\u00edo de prioridad para cualquier compra de $12.99<br>      \u2013 Paquete Primera Clase: una Vez se haya preparado el pedido, el tiempo de env\u00edo es de 3 a 7 d\u00edas h\u00e1biles, si el pedido ha sido realizado antes de las 3 pm (EDT), y de 3 a 8 d\u00edas continuos si se coloca despu\u00e9s de las 3 pm (EDT).<br>      \u2013 Correo de prioridad C\u00fabicos: una Vez se haya preparado el pedido, el tiempo de entrega es de 2-3 d\u00edas h\u00e1biles, si el pedido ha sido realizado antes de las 3 pm (EDT), y de 3 a 4 d\u00edas continuos si se coloca despu\u00e9s de las 3 pm (EDT). Este env\u00edo tiene $100 seguro.<\/p>\n\n\n\n<hr class=\"wp-block-separator has-alpha-channel-opacity is-style-wide\"\/>","protected":false},"excerpt":{"rendered":"<p>SHIPPING AND ORDER PROCESSING POLICY &#8211; Shipping time varies according to the quantity and availability of the chosen items.&#8211; Orders [&hellip;]<\/p>\n","protected":false},"author":2,"featured_media":0,"parent":0,"menu_order":0,"comment_status":"closed","ping_status":"closed","template":"","meta":{"site-sidebar-layout":"default","site-content-layout":"","ast-site-content-layout":"default","site-content-style":"default","site-sidebar-style":"default","ast-global-header-display":"","ast-banner-title-visibility":"","ast-main-header-display":"","ast-hfb-above-header-display":"","ast-hfb-below-header-display":"","ast-hfb-mobile-header-display":"","site-post-title":"disabled","ast-breadcrumbs-content":"","ast-featured-img":"","footer-sml-layout":"","theme-transparent-header-meta":"","adv-header-id-meta":"","stick-header-meta":"","header-above-stick-meta":"","header-main-stick-meta":"","header-below-stick-meta":"","astra-migrate-meta-layouts":"default","ast-page-background-enabled":"default","ast-page-background-meta":{"desktop":{"background-color":"var(--ast-global-color-4)","background-image":"","background-repeat":"repeat","background-position":"center center","background-size":"auto","background-attachment":"scroll","background-type":"","background-media":"","overlay-type":"","overlay-color":"","overlay-opacity":"","overlay-gradient":""},"tablet":{"background-color":"","background-image":"","background-repeat":"repeat","background-position":"center center","background-size":"auto","background-attachment":"scroll","background-type":"","background-media":"","overlay-type":"","overlay-color":"","overlay-opacity":"","overlay-gradient":""},"mobile":{"background-color":"","background-image":"","background-repeat":"repeat","background-position":"center center","background-size":"auto","background-attachment":"scroll","background-type":"","background-media":"","overlay-type":"","overlay-color":"","overlay-opacity":"","overlay-gradient":""}},"ast-content-background-meta":{"desktop":{"background-color":"var(--ast-global-color-5)","background-image":"","background-repeat":"repeat","background-position":"center center","background-size":"auto","background-attachment":"scroll","background-type":"","background-media":"","overlay-type":"","overlay-color":"","overlay-opacity":"","overlay-gradient":""},"tablet":{"background-color":"var(--ast-global-color-5)","background-image":"","background-repeat":"repeat","background-position":"center center","background-size":"auto","background-attachment":"scroll","background-type":"","background-media":"","overlay-type":"","overlay-color":"","overlay-opacity":"","overlay-gradient":""},"mobile":{"background-color":"var(--ast-global-color-5)","background-image":"","background-repeat":"repeat","background-position":"center center","background-size":"auto","background-attachment":"scroll","background-type":"","background-media":"","overlay-type":"","overlay-color":"","overlay-opacity":"","overlay-gradient":""}},"_joinchat":[],"footnotes":""},"class_list":["post-1673","page","type-page","status-publish","hentry"],"jetpack_sharing_enabled":true,"_links":{"self":[{"href":"https:\/\/pradoasociado.com\/es\/wp-json\/wp\/v2\/pages\/1673","targetHints":{"allow":["GET"]}}],"collection":[{"href":"https:\/\/pradoasociado.com\/es\/wp-json\/wp\/v2\/pages"}],"about":[{"href":"https:\/\/pradoasociado.com\/es\/wp-json\/wp\/v2\/types\/page"}],"author":[{"embeddable":true,"href":"https:\/\/pradoasociado.com\/es\/wp-json\/wp\/v2\/users\/2"}],"replies":[{"embeddable":true,"href":"https:\/\/pradoasociado.com\/es\/wp-json\/wp\/v2\/comments?post=1673"}],"version-history":[{"count":7,"href":"https:\/\/pradoasociado.com\/es\/wp-json\/wp\/v2\/pages\/1673\/revisions"}],"predecessor-version":[{"id":1940,"href":"https:\/\/pradoasociado.com\/es\/wp-json\/wp\/v2\/pages\/1673\/revisions\/1940"}],"wp:attachment":[{"href":"https:\/\/pradoasociado.com\/es\/wp-json\/wp\/v2\/media?parent=1673"}],"curies":[{"name":"wp","href":"https:\/\/api.w.org\/{rel}","templated":true}]}}