{"id":1669,"date":"2024-02-02T02:40:02","date_gmt":"2024-02-02T02:40:02","guid":{"rendered":"https:\/\/pradoasociado.com\/?page_id=1669"},"modified":"2024-02-08T16:50:05","modified_gmt":"2024-02-08T16:50:05","slug":"return-policy","status":"publish","type":"page","link":"https:\/\/pradoasociado.com\/es\/return-policy\/","title":{"rendered":"RETURN POLICY"},"content":{"rendered":"<hr class=\"wp-block-separator has-alpha-channel-opacity is-style-wide\"\/>\n\n\n\n<p style=\"font-size:17px\"><strong>DEVOLUCIONES POR CAMBIO O CR\u00c9DITO DE LA TIENDA<\/strong><br>S\u00ed, aceptamos devoluciones<br>Al hacer su devoluci\u00f3n dentro de los 7 d\u00edas de la entrega del paquete, usted puede obtener un cambio por el mismo producto o un cr\u00e9dito en nuestra tienda para su pr\u00f3xima compra.<br>Para recibir un n\u00famero de \u201cautorizaci\u00f3n de devoluci\u00f3n\u201d, env\u00ede un correo electr\u00f3nico a <a href=\"mailto:pradoasociado@gmail.com\" target=\"_blank\" rel=\"noreferrer noopener\">pradoasociado@gmail.com<\/a> con el asunto \u201cDEVOLUCI\u00d3N O CAMBIO\u201d incluyendo el n\u00famero de pedido y su nombre completo. Estaremos respondiendo el correo electr\u00f3nico con los pasos a seguir.<\/p>\n\n\n\n<p>Importante:<\/p>\n\n\n\n<p style=\"font-size:17px\">Debe tener autorizaci\u00f3n previa antes de que el env\u00edo de la devoluci\u00f3n del producto.<br>Las piezas Marcadas &#034;Venta&#034; o &#034;Liquidaci\u00f3n&#034; est\u00e1n a la venta final y no se aplican a los intercambios, las devoluciones o cr\u00e9ditos de la tienda.<br>El cliente ser\u00e1 responsable de cubrir los gastos de env\u00edo y manipulaci\u00f3n de los costos de procesar correctamente los pedidos.<br>Se aceptan devoluciones de art\u00edculos devueltos de la misma forma en que fueron recibidos. Sin uso y en su embalaje original.<\/p>\n\n\n\n<p style=\"font-size:17px\"><strong>DA\u00d1OS O RECLAMACIONES<\/strong><br>Inspeccione su mercanc\u00eda inmediatamente despu\u00e9s de recibirla. Si hay alg\u00fan da\u00f1o, cont\u00e1ctenos por correo electr\u00f3nico a <a href=\"mailto:pradoasociado@gmail.com\" target=\"_blank\" rel=\"noreferrer noopener\">pradoasociado@gmail.com<\/a> con el asunto \u201cBIENES DA\u00d1ADOS\u201d y expl\u00edquenos la situaci\u00f3n.<br>Para informar de los da\u00f1os que usted debe comunicarse con nosotros dentro de las 24 horas de la recepci\u00f3n de su paquete. Mercanc\u00eda da\u00f1ada debe ser devuelto en su embalaje original.<\/p>\n\n\n\n<hr class=\"wp-block-separator has-alpha-channel-opacity is-style-wide\"\/>","protected":false},"excerpt":{"rendered":"<p>RETURNS FOR EXCHANGE OR STORE CREDITYes, we accept returnsBy making your return within 7 days of delivery of the package, [&hellip;]<\/p>\n","protected":false},"author":2,"featured_media":0,"parent":0,"menu_order":0,"comment_status":"closed","ping_status":"closed","template":"","meta":{"site-sidebar-layout":"default","site-content-layout":"","ast-site-content-layout":"default","site-content-style":"default","site-sidebar-style":"default","ast-global-header-display":"","ast-banner-title-visibility":"","ast-main-header-display":"","ast-hfb-above-header-display":"","ast-hfb-below-header-display":"","ast-hfb-mobile-header-display":"","site-post-title":"disabled","ast-breadcrumbs-content":"","ast-featured-img":"","footer-sml-layout":"","theme-transparent-header-meta":"","adv-header-id-meta":"","stick-header-meta":"","header-above-stick-meta":"","header-main-stick-meta":"","header-below-stick-meta":"","astra-migrate-meta-layouts":"default","ast-page-background-enabled":"default","ast-page-background-meta":{"desktop":{"background-color":"var(--ast-global-color-4)","background-image":"","background-repeat":"repeat","background-position":"center center","background-size":"auto","background-attachment":"scroll","background-type":"","background-media":"","overlay-type":"","overlay-color":"","overlay-opacity":"","overlay-gradient":""},"tablet":{"background-color":"","background-image":"","background-repeat":"repeat","background-position":"center center","background-size":"auto","background-attachment":"scroll","background-type":"","background-media":"","overlay-type":"","overlay-color":"","overlay-opacity":"","overlay-gradient":""},"mobile":{"background-color":"","background-image":"","background-repeat":"repeat","background-position":"center center","background-size":"auto","background-attachment":"scroll","background-type":"","background-media":"","overlay-type":"","overlay-color":"","overlay-opacity":"","overlay-gradient":""}},"ast-content-background-meta":{"desktop":{"background-color":"var(--ast-global-color-5)","background-image":"","background-repeat":"repeat","background-position":"center center","background-size":"auto","background-attachment":"scroll","background-type":"","background-media":"","overlay-type":"","overlay-color":"","overlay-opacity":"","overlay-gradient":""},"tablet":{"background-color":"var(--ast-global-color-5)","background-image":"","background-repeat":"repeat","background-position":"center center","background-size":"auto","background-attachment":"scroll","background-type":"","background-media":"","overlay-type":"","overlay-color":"","overlay-opacity":"","overlay-gradient":""},"mobile":{"background-color":"var(--ast-global-color-5)","background-image":"","background-repeat":"repeat","background-position":"center center","background-size":"auto","background-attachment":"scroll","background-type":"","background-media":"","overlay-type":"","overlay-color":"","overlay-opacity":"","overlay-gradient":""}},"_joinchat":[],"footnotes":""},"class_list":["post-1669","page","type-page","status-publish","hentry"],"jetpack_sharing_enabled":true,"_links":{"self":[{"href":"https:\/\/pradoasociado.com\/es\/wp-json\/wp\/v2\/pages\/1669","targetHints":{"allow":["GET"]}}],"collection":[{"href":"https:\/\/pradoasociado.com\/es\/wp-json\/wp\/v2\/pages"}],"about":[{"href":"https:\/\/pradoasociado.com\/es\/wp-json\/wp\/v2\/types\/page"}],"author":[{"embeddable":true,"href":"https:\/\/pradoasociado.com\/es\/wp-json\/wp\/v2\/users\/2"}],"replies":[{"embeddable":true,"href":"https:\/\/pradoasociado.com\/es\/wp-json\/wp\/v2\/comments?post=1669"}],"version-history":[{"count":4,"href":"https:\/\/pradoasociado.com\/es\/wp-json\/wp\/v2\/pages\/1669\/revisions"}],"predecessor-version":[{"id":1790,"href":"https:\/\/pradoasociado.com\/es\/wp-json\/wp\/v2\/pages\/1669\/revisions\/1790"}],"wp:attachment":[{"href":"https:\/\/pradoasociado.com\/es\/wp-json\/wp\/v2\/media?parent=1669"}],"curies":[{"name":"wp","href":"https:\/\/api.w.org\/{rel}","templated":true}]}}