{"id":1662,"date":"2024-02-02T02:00:18","date_gmt":"2024-02-02T02:00:18","guid":{"rendered":"https:\/\/pradoasociado.com\/?page_id=1662"},"modified":"2024-02-02T02:42:14","modified_gmt":"2024-02-02T02:42:14","slug":"privacy-policies","status":"publish","type":"page","link":"https:\/\/pradoasociado.com\/es\/privacy-policies\/","title":{"rendered":"PRIVACY POLICIES"},"content":{"rendered":"<hr class=\"wp-block-separator has-alpha-channel-opacity is-style-wide\"\/>\n\n\n\n<p>POL\u00cdTICA DE PRIVACIDAD<\/p>\n\n\n\n<p>Su privacidad es importante para nosotros. Por lo tanto, tomamos medidas para garantizar la protecci\u00f3n de su privacidad. Esta pol\u00edtica de privacidad es parte de nuestros t\u00e9rminos de uso.<\/p>\n\n\n\n<p>El sitio web recoge datos de car\u00e1cter personal, que nos permite proveer de usted una experiencia de compra personalizada. Esto tambi\u00e9n permite que nos comuniquemos con usted en referencia a sus compras y\/o con fines de marketing. Es importante se\u00f1alar que nosotros no ofrecer datos personales de cualquier tipo a cualquier persona.<\/p>\n\n\n\n<p>CUANDO RECOPILAMOS SU INFORMACI\u00d3N?<\/p>\n\n\n\n<p>Cuando usted pone su orden o en contacto con nosotros.<\/p>\n\n\n\n<p>Cuando usted se suscribe a nuestro plataformas de marketing.<\/p>\n\n\n\n<p>Cuando usted se registra en nuestro sitio, se le pedir\u00e1 que env\u00ede cierta informaci\u00f3n personal<\/p>\n\n\n\n<p>Cuando usted solicita informaci\u00f3n o comentarios sobre los art\u00edculos publicados en el sitio web.<\/p>\n\n\n\n<p>Al registrar su informaci\u00f3n personal en el sitio web, usted acepta el uso de sus datos personales de conformidad con esta pol\u00edtica de privacidad.<\/p>\n\n\n\n<p>Al aceptar los t\u00e9rminos de esta pol\u00edtica de privacidad, vamos a recoger el navegador de Internet que utilice, su n\u00famero de visitas a la p\u00e1gina web, el promedio de tiempo que pasa en el sitio web, las p\u00e1ginas visitadas, etc. Utilizamos esta informaci\u00f3n para mejorar la facilidad de uso y mejorar el contenido y la funcionalidad de nuestro sitio web.<\/p>\n\n\n\n<p>Los datos personales que recopilamos incluye informaci\u00f3n de contacto, tales como fecha de nacimiento, producto de las preferencias y la informaci\u00f3n de pago, direcci\u00f3n de correo electr\u00f3nico y la direcci\u00f3n de la casa, y adem\u00e1s, podemos recopilar ciertos datos personales de fuentes externas. No almacenamos ninguna informaci\u00f3n de pago m\u00e1s all\u00e1 del punto de compra. Si usted lo autoriza, su direcci\u00f3n de correo electr\u00f3nico puede ser utilizado para la comercializaci\u00f3n y ofrece a los que consideramos m\u00e1s relevantes para usted.<\/p>\n\n\n\n<p><\/p>\n\n\n\n<p>\u00bfPARA QU\u00c9 UTILIZAMOS SU INFORMACI\u00d3N?<\/p>\n\n\n\n<p>Los datos personales nos permiten proporcionarle lo siguiente:<\/p>\n\n\n\n<p>Experiencia de compra personalizada que se centra en informaci\u00f3n, servicios, contenido y ofertas que son relevantes para usted y sus h\u00e1bitos y necesidades de compra en l\u00ednea.<\/p>\n\n\n\n<p>Para alertarle sobre cualquier cambio administrativo, de producto o servicio.<\/p>\n\n\n\n<p>Para las redes sociales, promociones o eventos de marketing, etc.<\/p>\n\n\n\n<p>Para mejorar la usabilidad, contenido y funcionalidad.<\/p>\n\n\n\n<p>COOKIES?<\/p>\n\n\n\n<p>Con las cookies habilitadas, se puede determinar la compra y el comportamiento de navegaci\u00f3n de todos los usuarios, y podemos personalizar el contenido y los anuncios, para proporcionar funciones de medios sociales y analizar nuestro tr\u00e1fico.<\/p>\n\n\n\n<p>Los usuarios pueden deshabilitar las cookies en su navegador si as\u00ed lo desean. Sin embargo, por favor tenga en cuenta que mediante la desactivaci\u00f3n de las cookies puede que no seamos capaces de ofrecerle algunos de los servicios ofrecidos por el sitio web<\/p>\n\n\n\n<p>J\u00d3VENES<\/p>\n\n\n\n<p>Nuestros Servicios no est\u00e1n destinados a ni\u00f1os menores de la edad m\u00ednima para dar consentimiento en la jurisdicci\u00f3n en la que residen (como 16 a\u00f1os en ciertos pa\u00edses de la UE; \"Edad legal\"), y no obtenemos intencionalmente informaci\u00f3n personal de menores. . Si descubrimos que hemos recopilado dicha informaci\u00f3n, la eliminaremos lo m\u00e1s r\u00e1pido posible. Si conoce alguna informaci\u00f3n personal que tengamos que pueda estar relacionada con ni\u00f1os menores de edad, comun\u00edquese con nosotros.<\/p>\n\n\n\n<p>CONTACTO Y SOLICITUD:<\/p>\n\n\n\n<p>-Cualquier informaci\u00f3n personal relacionada con usted que tengamos.<\/p>\n\n\n\n<p>-Podr\u00e1s acceder a tus datos sin ning\u00fan cargo personal.<\/p>\n\n\n\n<p>-Usted ser\u00e1 capaz de saber si queremos vender o compartir sus datos personales.<\/p>\n\n\n\n<p>-Usted puede solicitar que eliminemos sus datos personales.<\/p>\n\n\n\n<p>Ejercer estos derechos sin afectar los servicios y precios que ofrecemos.<\/p>\n\n\n\n<p>Su correo electr\u00f3nico debe incluir detalles apropiados de su solicitud y es posible que se le solicite que proporcione detalles adicionales para autenticar su identidad para que podamos atender sus solicitudes.<\/p>\n\n\n\n<p>Las solicitudes est\u00e1n sujetas a los requisitos legales aplicables.<\/p>\n\n\n\n<p>OTROS DETALLES DE INTER\u00c9S<\/p>\n\n\n\n<p>Tambi\u00e9n compartimos informaci\u00f3n acerca de su uso de nuestro sitio web con nuestros medios de comunicaci\u00f3n social, la publicidad y los socios de an\u00e1lisis que se puede combinar con otra informaci\u00f3n que usted haya proporcionado o que han recogido a partir del uso de sus servicios.<\/p>\n\n\n\n<p>Conservaremos su informaci\u00f3n s\u00f3lo en la medida en que es necesario que nuestros intereses leg\u00edtimos, tales como fines de marketing, de prevenci\u00f3n del fraude. y el mantenimiento de registros. Nosotros no vendemos su informaci\u00f3n personal o de cualquier otros datos recogidos a nadie. Vamos a mantener los datos de forma segura a menos que usted nos pida para eliminar<\/p>\n\n\n\n<p>Esta pol\u00edtica de privacidad no se aplica a las pr\u00e1cticas de las empresas que no son propiedad o de control, o a servicios de terceros con los que interact\u00faan. No somos responsables por las pr\u00e1cticas de privacidad o el contenido de estos servicios de terceros. En consecuencia, le recomendamos que revise los t\u00e9rminos de cada uno de los Servicios de Terceros que usted elige utilizar o interactuar con.<\/p>\n\n\n\n<p>Nos reservamos el derecho a modificar la presente Pol\u00edtica de Privacidad en cualquier momento. De vez en cuando, por favor, consulte nuestra pol\u00edtica de privacidad para la revisi\u00f3n de la pol\u00edtica actual.<\/p>\n\n\n\n<hr class=\"wp-block-separator has-alpha-channel-opacity is-style-wide\"\/>","protected":false},"excerpt":{"rendered":"<p>PRIVACY POLICY Your privacy is important for us. Therefore, we take measures to ensure the protection of your privacy. This [&hellip;]<\/p>\n","protected":false},"author":2,"featured_media":0,"parent":0,"menu_order":0,"comment_status":"closed","ping_status":"closed","template":"","meta":{"site-sidebar-layout":"default","site-content-layout":"","ast-site-content-layout":"default","site-content-style":"default","site-sidebar-style":"default","ast-global-header-display":"","ast-banner-title-visibility":"","ast-main-header-display":"","ast-hfb-above-header-display":"","ast-hfb-below-header-display":"","ast-hfb-mobile-header-display":"","site-post-title":"disabled","ast-breadcrumbs-content":"","ast-featured-img":"","footer-sml-layout":"","theme-transparent-header-meta":"","adv-header-id-meta":"","stick-header-meta":"","header-above-stick-meta":"","header-main-stick-meta":"","header-below-stick-meta":"","astra-migrate-meta-layouts":"default","ast-page-background-enabled":"default","ast-page-background-meta":{"desktop":{"background-color":"var(--ast-global-color-4)","background-image":"","background-repeat":"repeat","background-position":"center center","background-size":"auto","background-attachment":"scroll","background-type":"","background-media":"","overlay-type":"","overlay-color":"","overlay-opacity":"","overlay-gradient":""},"tablet":{"background-color":"","background-image":"","background-repeat":"repeat","background-position":"center center","background-size":"auto","background-attachment":"scroll","background-type":"","background-media":"","overlay-type":"","overlay-color":"","overlay-opacity":"","overlay-gradient":""},"mobile":{"background-color":"","background-image":"","background-repeat":"repeat","background-position":"center center","background-size":"auto","background-attachment":"scroll","background-type":"","background-media":"","overlay-type":"","overlay-color":"","overlay-opacity":"","overlay-gradient":""}},"ast-content-background-meta":{"desktop":{"background-color":"var(--ast-global-color-5)","background-image":"","background-repeat":"repeat","background-position":"center center","background-size":"auto","background-attachment":"scroll","background-type":"","background-media":"","overlay-type":"","overlay-color":"","overlay-opacity":"","overlay-gradient":""},"tablet":{"background-color":"var(--ast-global-color-5)","background-image":"","background-repeat":"repeat","background-position":"center center","background-size":"auto","background-attachment":"scroll","background-type":"","background-media":"","overlay-type":"","overlay-color":"","overlay-opacity":"","overlay-gradient":""},"mobile":{"background-color":"var(--ast-global-color-5)","background-image":"","background-repeat":"repeat","background-position":"center center","background-size":"auto","background-attachment":"scroll","background-type":"","background-media":"","overlay-type":"","overlay-color":"","overlay-opacity":"","overlay-gradient":""}},"_joinchat":[],"footnotes":""},"class_list":["post-1662","page","type-page","status-publish","hentry"],"jetpack_sharing_enabled":true,"_links":{"self":[{"href":"https:\/\/pradoasociado.com\/es\/wp-json\/wp\/v2\/pages\/1662","targetHints":{"allow":["GET"]}}],"collection":[{"href":"https:\/\/pradoasociado.com\/es\/wp-json\/wp\/v2\/pages"}],"about":[{"href":"https:\/\/pradoasociado.com\/es\/wp-json\/wp\/v2\/types\/page"}],"author":[{"embeddable":true,"href":"https:\/\/pradoasociado.com\/es\/wp-json\/wp\/v2\/users\/2"}],"replies":[{"embeddable":true,"href":"https:\/\/pradoasociado.com\/es\/wp-json\/wp\/v2\/comments?post=1662"}],"version-history":[{"count":4,"href":"https:\/\/pradoasociado.com\/es\/wp-json\/wp\/v2\/pages\/1662\/revisions"}],"predecessor-version":[{"id":1672,"href":"https:\/\/pradoasociado.com\/es\/wp-json\/wp\/v2\/pages\/1662\/revisions\/1672"}],"wp:attachment":[{"href":"https:\/\/pradoasociado.com\/es\/wp-json\/wp\/v2\/media?parent=1662"}],"curies":[{"name":"wp","href":"https:\/\/api.w.org\/{rel}","templated":true}]}}